{"id":6168,"date":"2023-09-05T12:39:11","date_gmt":"2023-09-05T12:39:11","guid":{"rendered":"https:\/\/easykit.stg.amphion.be\/politique-de-gestion-des-cookies\/"},"modified":"2023-10-29T11:53:59","modified_gmt":"2023-10-29T11:53:59","slug":"politique-de-gestion-des-cookies","status":"publish","type":"page","link":"https:\/\/easykit.stg.amphion.be\/fr\/politique-de-gestion-des-cookies\/","title":{"rendered":"Politique de gestion des cookies"},"content":{"rendered":"<p>[et_pb_section fb_built=&#8221;1&#8243; custom_padding_last_edited=&#8221;on|phone&#8221; _builder_version=&#8221;4.22.1&#8243; _module_preset=&#8221;default&#8221; custom_padding=&#8221;11rem||3rem||false|false&#8221; custom_padding_tablet=&#8221;7rem||3rem||false|false&#8221; custom_padding_phone=&#8221;4rem||0rem||false|false&#8221; locked=&#8221;off&#8221; global_colors_info=&#8221;{}&#8221;][et_pb_row custom_padding_last_edited=&#8221;on|phone&#8221; _builder_version=&#8221;4.22.1&#8243; _module_preset=&#8221;default&#8221; width=&#8221;100%&#8221; max_width=&#8221;980px&#8221; custom_padding=&#8221;|30px||30px|false|false&#8221; custom_padding_tablet=&#8221;|30px||30px|false|false&#8221; custom_padding_phone=&#8221;|20px||20px|false|false&#8221; global_colors_info=&#8221;{}&#8221;][et_pb_column type=&#8221;4_4&#8243; _builder_version=&#8221;4.21.0&#8243; _module_preset=&#8221;default&#8221; global_colors_info=&#8221;{}&#8221;][et_pb_text _builder_version=&#8221;4.22.1&#8243; _module_preset=&#8221;f9f6c1a9-a132-4d22-b474-298a7741df92&#8243; header_2_text_align=&#8221;left&#8221; custom_margin_tablet=&#8221;||1rem||false|false&#8221; custom_margin_phone=&#8221;||1rem||false|false&#8221; custom_margin_last_edited=&#8221;on|tablet&#8221; hover_enabled=&#8221;0&#8243; global_colors_info=&#8221;{}&#8221; sticky_enabled=&#8221;0&#8243;]<\/p>\n<h2>Politique de gestion des cookies chez Easykit<\/h2>\n<p>[\/et_pb_text][et_pb_text _builder_version=&#8221;4.22.1&#8243; _module_preset=&#8221;f9f6c1a9-a132-4d22-b474-298a7741df92&#8243; custom_margin=&#8221;||2.3rem||false|false&#8221; custom_margin_tablet=&#8221;||||false|false&#8221; custom_margin_phone=&#8221;||1.5rem||false|false&#8221; custom_margin_last_edited=&#8221;on|phone&#8221; custom_padding=&#8221;||||false|false&#8221; hover_enabled=&#8221;0&#8243; global_colors_info=&#8221;{}&#8221; sticky_enabled=&#8221;0&#8243;]<\/p>\n<p>Cette politique de gestion des cookies s\u2019applique \u00e0 tous les sites web et applications en ligne de Easykit group, Easykit oost et Easykit west., Wingepark 27C &#8211; 3110 Rotselaar<\/p>\n<p>[\/et_pb_text][et_pb_text _builder_version=&#8221;4.22.1&#8243; _module_preset=&#8221;f9f6c1a9-a132-4d22-b474-298a7741df92&#8243; custom_margin=&#8221;||0.5rem||false|false&#8221; hover_enabled=&#8221;0&#8243; global_colors_info=&#8221;{}&#8221; sticky_enabled=&#8221;0&#8243;]<\/p>\n<h5>Qu&#8217;est-ce qu&#8217;un cookie?<\/h5>\n<p>[\/et_pb_text][et_pb_text _builder_version=&#8221;4.22.1&#8243; _module_preset=&#8221;f9f6c1a9-a132-4d22-b474-298a7741df92&#8243; custom_margin=&#8221;||2.3rem||false|false&#8221; custom_margin_tablet=&#8221;||0.5rem||false|false&#8221; custom_margin_phone=&#8221;||1.5rem||false|false&#8221; custom_margin_last_edited=&#8221;on|phone&#8221; hover_enabled=&#8221;0&#8243; global_colors_info=&#8221;{}&#8221; sticky_enabled=&#8221;0&#8243;]<\/p>\n<p>Les cookies sont des petits fichiers texte. Ils sont envoy\u00e9s de mani\u00e8re invisible avec le contenu du site web que vous consultez et sont enregistr\u00e9s sur l&#8217;appareil que vous utilisez \u00e0 ce moment-l\u00e0.<\/p>\n<p>Les propri\u00e9taires des sites web en font usage pour distinguer les diff\u00e9rents utilisateurs. Chaque utilisateur re\u00e7oit un cookie diff\u00e9rent pour chaque appareil utilis\u00e9. Les cookies permettent de suivre et d&#8217;enregistrer les habitudes de navigation de mani\u00e8re individuelle.<\/p>\n<p>Ces infos ne sont pas enregistr\u00e9es dans le cookie, mais dans la banque de donn\u00e9es du site web.<br \/>\nLes cookies ont une dur\u00e9e d&#8217;ex\u00e9cution. Certains cookies sont supprim\u00e9s lorsque vous fermez votre navigateur web. D&#8217;autres cookies restent dans votre ordinateur pendant des mois, et parfois m\u00eame des ann\u00e9es, si vous ne les supprimez pas manuellement.<\/p>\n<p>[\/et_pb_text][et_pb_text _builder_version=&#8221;4.22.1&#8243; _module_preset=&#8221;f9f6c1a9-a132-4d22-b474-298a7741df92&#8243; custom_margin=&#8221;||0.5rem||false|false&#8221; hover_enabled=&#8221;0&#8243; global_colors_info=&#8221;{}&#8221; sticky_enabled=&#8221;0&#8243;]<\/p>\n<h5>Quels cookies utilisons-nous ?<\/h5>\n<p>[\/et_pb_text][et_pb_text _builder_version=&#8221;4.22.1&#8243; _module_preset=&#8221;f9f6c1a9-a132-4d22-b474-298a7741df92&#8243; custom_margin=&#8221;||0.5rem||false|false&#8221; custom_margin_tablet=&#8221;||2.3rem||false|false&#8221; custom_margin_phone=&#8221;||0.2rem||false|false&#8221; custom_margin_last_edited=&#8221;on|phone&#8221; hover_enabled=&#8221;0&#8243; locked=&#8221;off&#8221; global_colors_info=&#8221;{}&#8221; sticky_enabled=&#8221;0&#8243;]<\/p>\n<p>Nous utilisons des cookies de performance, des cookies fonctionnels et des cookies publicitaires.<\/p>\n<ul>\n<li>Les cookies de performance collectent les donn\u00e9es permettant l&#8217;utilisation d&#8217;un site web. Ils nous donnent des informations sur le nombre de visiteurs par page et le temps de visite consacr\u00e9 au site. Pour ce faire, nous utilisons principalement Google Analytics.<\/li>\n<li>Les cookies fonctionnels permettent de rendre l&#8217;utilisation plus agr\u00e9able et personnalis\u00e9e en m\u00e9morisant vos pr\u00e9f\u00e9rences (p. ex. langue, vos donn\u00e9es pour remplir un formulaire).<\/li>\n<li>Les cookies publicitaires permettent de cibler nos messages publicitaires en fonction des int\u00e9r\u00eats des visiteurs du site web. Nous utilisons entre autres Facebook Conversion Pixel.<\/li>\n<\/ul>\n<p>[\/et_pb_text][et_pb_text _builder_version=&#8221;4.22.1&#8243; _module_preset=&#8221;f9f6c1a9-a132-4d22-b474-298a7741df92&#8243; custom_margin=&#8221;||0.5rem||false|false&#8221; hover_enabled=&#8221;0&#8243; global_colors_info=&#8221;{}&#8221; sticky_enabled=&#8221;0&#8243;]<\/p>\n<h5>Comment g\u00e9rer les cookies sur votre appareil ?<\/h5>\n<p>[\/et_pb_text][et_pb_text _builder_version=&#8221;4.22.1&#8243; _module_preset=&#8221;f9f6c1a9-a132-4d22-b474-298a7741df92&#8243; custom_margin=&#8221;||2.3rem||false|false&#8221; custom_margin_tablet=&#8221;||2.3rem||false|false&#8221; custom_margin_phone=&#8221;||1.5rem||false|false&#8221; custom_margin_last_edited=&#8221;on|phone&#8221; hover_enabled=&#8221;0&#8243; locked=&#8221;off&#8221; global_colors_info=&#8221;{}&#8221; sticky_enabled=&#8221;0&#8243;]<\/p>\n<p>La plupart des navigateurs web sont automatiquement configur\u00e9s pour accepter les cookies. Vous pouvez toutefois adapter le param\u00e9trage de navigation.<\/p>\n<ul>\n<li>Vous pouvez \u00eatre averti avant l&#8217;enregistrement d&#8217;un cookie;<\/li>\n<li>Vous pouvez refuser les cookies;<\/li>\n<\/ul>\n<p>Pour plus d\u2019informations sur le param\u00e9trage de votre navigateur, reportez-vous \u00e0 la barre d\u2019outils d\u2019aide de votre navigateur web ou consultez le site web <a href=\"http:\/\/www.allaboutcookies.org\/manage-cookies\/\" target=\"_blank\" rel=\"noopener\">All About Cookies<\/a>.<\/p>\n<p>[\/et_pb_text][\/et_pb_column][\/et_pb_row][\/et_pb_section]<\/p>\n","protected":false},"excerpt":{"rendered":"<p>Politique de gestion des cookies chez EasykitCette politique de gestion des cookies s\u2019applique \u00e0 tous les sites web et applications en ligne de Easykit group, Easykit oost et Easykit west., Wingepark 27C &#8211; 3110 RotselaarQu&#8217;est-ce qu&#8217;un cookie?Les cookies sont des petits fichiers texte. Ils sont envoy\u00e9s de mani\u00e8re invisible avec le contenu du site web [&hellip;]<\/p>\n","protected":false},"author":1,"featured_media":0,"parent":0,"menu_order":0,"comment_status":"closed","ping_status":"closed","template":"","meta":{"_et_pb_use_builder":"on","_et_pb_old_content":"","_et_gb_content_width":"","inline_featured_image":false,"footnotes":""},"acf":[],"yoast_head":"<!-- This site is optimized with the Yoast SEO plugin v21.7 - https:\/\/yoast.com\/wordpress\/plugins\/seo\/ -->\n<title>Politique de gestion des cookies - EasyKit<\/title>\n<meta name=\"robots\" content=\"noindex, follow, max-snippet:-1, max-image-preview:large, max-video-preview:-1\" \/>\n<meta property=\"og:locale\" content=\"fr_FR\" \/>\n<meta property=\"og:type\" content=\"article\" \/>\n<meta property=\"og:title\" content=\"Politique de gestion des cookies - EasyKit\" \/>\n<meta property=\"og:description\" content=\"Politique de gestion des cookies chez EasykitCette politique de gestion des cookies s\u2019applique \u00e0 tous les sites web et applications en ligne de Easykit group, Easykit oost et Easykit west., Wingepark 27C - 3110 RotselaarQu&#039;est-ce qu&#039;un cookie?Les cookies sont des petits fichiers texte. Ils sont envoy\u00e9s de mani\u00e8re invisible avec le contenu du site web [&hellip;]\" \/>\n<meta property=\"og:site_name\" content=\"EasyKit\" \/>\n<meta property=\"article:modified_time\" content=\"2023-10-29T11:53:59+00:00\" \/>\n<meta name=\"twitter:card\" content=\"summary_large_image\" \/>\n<meta name=\"twitter:label1\" content=\"Dur\u00e9e de lecture estim\u00e9e\" \/>\n\t<meta name=\"twitter:data1\" content=\"4 minutes\" \/>\n<script type=\"application\/ld+json\" class=\"yoast-schema-graph\">{\"@context\":\"https:\/\/schema.org\",\"@graph\":[{\"@type\":\"WebPage\",\"@id\":\"https:\/\/easykit.stg.amphion.be\/fr\/politique-de-gestion-des-cookies\/\",\"url\":\"https:\/\/easykit.stg.amphion.be\/fr\/politique-de-gestion-des-cookies\/\",\"name\":\"Politique de gestion des cookies - EasyKit\",\"isPartOf\":{\"@id\":\"https:\/\/easykit.stg.amphion.be\/fr\/#website\"},\"datePublished\":\"2023-09-05T12:39:11+00:00\",\"dateModified\":\"2023-10-29T11:53:59+00:00\",\"breadcrumb\":{\"@id\":\"https:\/\/easykit.stg.amphion.be\/fr\/politique-de-gestion-des-cookies\/#breadcrumb\"},\"inLanguage\":\"fr-FR\",\"potentialAction\":[{\"@type\":\"ReadAction\",\"target\":[\"https:\/\/easykit.stg.amphion.be\/fr\/politique-de-gestion-des-cookies\/\"]}]},{\"@type\":\"BreadcrumbList\",\"@id\":\"https:\/\/easykit.stg.amphion.be\/fr\/politique-de-gestion-des-cookies\/#breadcrumb\",\"itemListElement\":[{\"@type\":\"ListItem\",\"position\":1,\"name\":\"Home\",\"item\":\"https:\/\/easykit.stg.amphion.be\/fr\/\"},{\"@type\":\"ListItem\",\"position\":2,\"name\":\"Politique de gestion des cookies\"}]},{\"@type\":\"WebSite\",\"@id\":\"https:\/\/easykit.stg.amphion.be\/fr\/#website\",\"url\":\"https:\/\/easykit.stg.amphion.be\/fr\/\",\"name\":\"EasyKit\",\"description\":\"\",\"potentialAction\":[{\"@type\":\"SearchAction\",\"target\":{\"@type\":\"EntryPoint\",\"urlTemplate\":\"https:\/\/easykit.stg.amphion.be\/fr\/?s={search_term_string}\"},\"query-input\":\"required name=search_term_string\"}],\"inLanguage\":\"fr-FR\"}]}<\/script>\n<!-- \/ Yoast SEO plugin. -->","yoast_head_json":{"title":"Politique de gestion des cookies - EasyKit","robots":{"index":"noindex","follow":"follow","max-snippet":"max-snippet:-1","max-image-preview":"max-image-preview:large","max-video-preview":"max-video-preview:-1"},"og_locale":"fr_FR","og_type":"article","og_title":"Politique de gestion des cookies - EasyKit","og_description":"Politique de gestion des cookies chez EasykitCette politique de gestion des cookies s\u2019applique \u00e0 tous les sites web et applications en ligne de Easykit group, Easykit oost et Easykit west., Wingepark 27C - 3110 RotselaarQu'est-ce qu'un cookie?Les cookies sont des petits fichiers texte. Ils sont envoy\u00e9s de mani\u00e8re invisible avec le contenu du site web [&hellip;]","og_site_name":"EasyKit","article_modified_time":"2023-10-29T11:53:59+00:00","twitter_card":"summary_large_image","twitter_misc":{"Dur\u00e9e de lecture estim\u00e9e":"4 minutes"},"schema":{"@context":"https:\/\/schema.org","@graph":[{"@type":"WebPage","@id":"https:\/\/easykit.stg.amphion.be\/fr\/politique-de-gestion-des-cookies\/","url":"https:\/\/easykit.stg.amphion.be\/fr\/politique-de-gestion-des-cookies\/","name":"Politique de gestion des cookies - EasyKit","isPartOf":{"@id":"https:\/\/easykit.stg.amphion.be\/fr\/#website"},"datePublished":"2023-09-05T12:39:11+00:00","dateModified":"2023-10-29T11:53:59+00:00","breadcrumb":{"@id":"https:\/\/easykit.stg.amphion.be\/fr\/politique-de-gestion-des-cookies\/#breadcrumb"},"inLanguage":"fr-FR","potentialAction":[{"@type":"ReadAction","target":["https:\/\/easykit.stg.amphion.be\/fr\/politique-de-gestion-des-cookies\/"]}]},{"@type":"BreadcrumbList","@id":"https:\/\/easykit.stg.amphion.be\/fr\/politique-de-gestion-des-cookies\/#breadcrumb","itemListElement":[{"@type":"ListItem","position":1,"name":"Home","item":"https:\/\/easykit.stg.amphion.be\/fr\/"},{"@type":"ListItem","position":2,"name":"Politique de gestion des cookies"}]},{"@type":"WebSite","@id":"https:\/\/easykit.stg.amphion.be\/fr\/#website","url":"https:\/\/easykit.stg.amphion.be\/fr\/","name":"EasyKit","description":"","potentialAction":[{"@type":"SearchAction","target":{"@type":"EntryPoint","urlTemplate":"https:\/\/easykit.stg.amphion.be\/fr\/?s={search_term_string}"},"query-input":"required name=search_term_string"}],"inLanguage":"fr-FR"}]}},"_links":{"self":[{"href":"https:\/\/easykit.stg.amphion.be\/fr\/wp-json\/wp\/v2\/pages\/6168"}],"collection":[{"href":"https:\/\/easykit.stg.amphion.be\/fr\/wp-json\/wp\/v2\/pages"}],"about":[{"href":"https:\/\/easykit.stg.amphion.be\/fr\/wp-json\/wp\/v2\/types\/page"}],"author":[{"embeddable":true,"href":"https:\/\/easykit.stg.amphion.be\/fr\/wp-json\/wp\/v2\/users\/1"}],"replies":[{"embeddable":true,"href":"https:\/\/easykit.stg.amphion.be\/fr\/wp-json\/wp\/v2\/comments?post=6168"}],"version-history":[{"count":2,"href":"https:\/\/easykit.stg.amphion.be\/fr\/wp-json\/wp\/v2\/pages\/6168\/revisions"}],"predecessor-version":[{"id":6170,"href":"https:\/\/easykit.stg.amphion.be\/fr\/wp-json\/wp\/v2\/pages\/6168\/revisions\/6170"}],"wp:attachment":[{"href":"https:\/\/easykit.stg.amphion.be\/fr\/wp-json\/wp\/v2\/media?parent=6168"}],"curies":[{"name":"wp","href":"https:\/\/api.w.org\/{rel}","templated":true}]}}