{"id":7184,"date":"2023-10-21T13:12:44","date_gmt":"2023-10-21T13:12:44","guid":{"rendered":"https:\/\/easykit.stg.amphion.be\/documentation\/"},"modified":"2023-11-10T11:53:50","modified_gmt":"2023-11-10T11:53:50","slug":"documentation","status":"publish","type":"page","link":"https:\/\/easykit.stg.amphion.be\/fr\/documentation\/","title":{"rendered":"Documentation"},"content":{"rendered":"<p>[et_pb_section fb_built=&#8221;1&#8243; custom_padding_last_edited=&#8221;on|desktop&#8221; admin_label=&#8221;Intro&#8221; module_class=&#8221;_intro-section&#8221; _builder_version=&#8221;4.22.1&#8243; _module_preset=&#8221;default&#8221; background_color=&#8221;#F8FAFF&#8221; background_image=&#8221;\/wp-content\/themes\/Divi\/images\/background_dots_blue.svg&#8221; background_size=&#8221;contain&#8221; background_position=&#8221;bottom_center&#8221; background_repeat=&#8221;repeat-x&#8221; min_height=&#8221;300px&#8221; min_height_tablet=&#8221;300px&#8221; min_height_phone=&#8221;200px&#8221; min_height_last_edited=&#8221;on|phone&#8221; custom_padding=&#8221;12rem||7rem||false|false&#8221; custom_padding_tablet=&#8221;9rem||4rem||false|false&#8221; custom_padding_phone=&#8221;4rem||3rem||false|false&#8221; top_divider_color=&#8221;#F4980F&#8221; bottom_divider_style=&#8221;slant&#8221; bottom_divider_color=&#8221;#FFFFFF&#8221; bottom_divider_height=&#8221;60px&#8221; bottom_divider_height_tablet=&#8221;30px&#8221; bottom_divider_height_phone=&#8221;0px&#8221; bottom_divider_height_last_edited=&#8221;on|phone&#8221; locked=&#8221;off&#8221; global_colors_info=&#8221;{}&#8221;][et_pb_row custom_padding_last_edited=&#8221;on|phone&#8221; admin_label=&#8221;title row&#8221; module_class=&#8221;uw-row&#8221; _builder_version=&#8221;4.22.1&#8243; _module_preset=&#8221;default&#8221; width=&#8221;100%&#8221; max_width=&#8221;1200px&#8221; custom_margin=&#8221;||||false|false&#8221; custom_padding=&#8221;|30px|0px|30px|false|false&#8221; custom_padding_tablet=&#8221;|30px||30px|false|false&#8221; custom_padding_phone=&#8221;|20px|0px|20px|false|false&#8221; custom_css_main_element=&#8221;display: flex;||align-items: center;&#8221; global_colors_info=&#8221;{}&#8221;][et_pb_column type=&#8221;4_4&#8243; _builder_version=&#8221;4.21.0&#8243; _module_preset=&#8221;default&#8221; global_colors_info=&#8221;{}&#8221;][et_pb_text module_class=&#8221;title-1 js-fade-in&#8221; _builder_version=&#8221;4.22.1&#8243; _module_preset=&#8221;f9f6c1a9-a132-4d22-b474-298a7741df92&#8243; header_text_align=&#8221;center&#8221; header_text_color=&#8221;#00569D&#8221; header_font_size=&#8221;72px&#8221; max_width=&#8221;900px&#8221; module_alignment=&#8221;center&#8221; custom_margin=&#8221;||0px||false|false&#8221; custom_margin_tablet=&#8221;||0rem||false|false&#8221; custom_margin_phone=&#8221;||0rem||false|false&#8221; custom_margin_last_edited=&#8221;on|tablet&#8221; custom_padding_tablet=&#8221;&#8221; custom_padding_phone=&#8221;||0px||false|false&#8221; custom_padding_last_edited=&#8221;on|phone&#8221; global_colors_info=&#8221;{}&#8221;]<\/p>\n<h1>Documentation<\/h1>\n<p>[\/et_pb_text][\/et_pb_column][\/et_pb_row][\/et_pb_section][et_pb_section fb_built=&#8221;1&#8243; custom_padding_last_edited=&#8221;on|tablet&#8221; admin_label=&#8221;Section&#8221; _builder_version=&#8221;4.22.1&#8243; _module_preset=&#8221;default&#8221; background_color=&#8221;RGBA(255,255,255,0)&#8221; custom_margin=&#8221;-6rem||||false|false&#8221; custom_margin_tablet=&#8221;-4.5rem||||false|false&#8221; custom_margin_phone=&#8221;-4.5rem||||false|false&#8221; custom_margin_last_edited=&#8221;on|phone&#8221; custom_padding=&#8221;0px||2rem||false|false&#8221; custom_padding_tablet=&#8221;2rem||2rem||false|false&#8221; custom_padding_phone=&#8221;2rem||2rem||false|false&#8221; locked=&#8221;off&#8221; global_colors_info=&#8221;{}&#8221;][et_pb_row column_structure=&#8221;1_2,1_2&#8243; custom_padding_last_edited=&#8221;on|phone&#8221; module_id=&#8221;s-verwarming&#8221; module_class=&#8221;uw-row&#8221; _builder_version=&#8221;4.22.1&#8243; _module_preset=&#8221;default&#8221; z_index=&#8221;2&#8243; width=&#8221;100%&#8221; max_width=&#8221;1200px&#8221; custom_padding=&#8221;3rem|30px|3rem|30px|false|false&#8221; custom_padding_tablet=&#8221;2rem|30px|3rem|30px|false|false&#8221; custom_padding_phone=&#8221;0.5rem|20px|1.2rem|20px|false|false&#8221; custom_css_main_element=&#8221;display: flex;||align-items: center;&#8221; locked=&#8221;off&#8221; global_colors_info=&#8221;{}&#8221; custom_css_main_element_last_edited=&#8221;on|phone&#8221; custom_css_main_element_phone=&#8221;display: flex;||align-items: center;||flex-direction: column;&#8221; custom_css_main_element_tablet=&#8221;display: flex;||align-items: center;&#8221;][et_pb_column type=&#8221;1_2&#8243; _builder_version=&#8221;4.22.1&#8243; _module_preset=&#8221;default&#8221; custom_padding_tablet=&#8221;&#8221; custom_padding_phone=&#8221;||1.8rem||false|false&#8221; custom_padding_last_edited=&#8221;on|phone&#8221; custom_css_main_element=&#8221;margin-bottom: 0!important;&#8221; global_colors_info=&#8221;{}&#8221;][dsm_block_reveal_image src=&#8221;https:\/\/easykit.stg.amphion.be\/wp-content\/uploads\/2023\/10\/11.jpg&#8221; alt=&#8221;Chauffage par le sol \u00e0 monter soi-m\u00eame&#8221; title_text=&#8221;Manuels&#8221; block_reveal_color=&#8221;#D4310F&#8221; module_class=&#8221;image-frame image-frame_one-side image-frame__red js-fade-in&#8221; _builder_version=&#8221;4.22.1&#8243; _module_preset=&#8221;2c2db7e3-871c-491d-ab38-5a453f3e6caf&#8221; min_height=&#8221;580px&#8221; min_height_tablet=&#8221;420px&#8221; min_height_phone=&#8221;270px&#8221; min_height_last_edited=&#8221;on|phone&#8221; height=&#8221;35vw&#8221; max_height=&#8221;650px&#8221; max_height_tablet=&#8221;550px&#8221; max_height_phone=&#8221;400px&#8221; max_height_last_edited=&#8221;on|tablet&#8221; global_colors_info=&#8221;{}&#8221;][\/dsm_block_reveal_image][\/et_pb_column][et_pb_column type=&#8221;1_2&#8243; _builder_version=&#8221;4.22.1&#8243; _module_preset=&#8221;default&#8221; custom_padding=&#8221;|||1vw|false|false&#8221; custom_padding_tablet=&#8221;|||3rem|false|false&#8221; custom_padding_phone=&#8221;|||20px|false|false&#8221; custom_padding_last_edited=&#8221;on|tablet&#8221; custom_css_main_element=&#8221;margin-bottom: 0!important;&#8221; global_colors_info=&#8221;{}&#8221;][et_pb_text module_class=&#8221;title-3 js-fade-in&#8221; _builder_version=&#8221;4.22.1&#8243; _module_preset=&#8221;f9f6c1a9-a132-4d22-b474-298a7741df92&#8243; header_2_text_align=&#8221;left&#8221; header_2_text_color=&#8221;#D4310F&#8221; custom_margin=&#8221;||1rem||false|false&#8221; custom_margin_tablet=&#8221;||0.5rem||false|false&#8221; custom_margin_phone=&#8221;||0.3rem||false|false&#8221; custom_margin_last_edited=&#8221;on|tablet&#8221; hover_enabled=&#8221;0&#8243; global_colors_info=&#8221;{}&#8221; sticky_enabled=&#8221;0&#8243;]<\/p>\n<h3><span>Guide pratique de construction pour le pr\u00eat-\u00e0-monter malin<\/span><\/h3>\n<p>[\/et_pb_text][et_pb_text module_class=&#8221;js-fade-in&#8221; _builder_version=&#8221;4.22.1&#8243; _module_preset=&#8221;f9f6c1a9-a132-4d22-b474-298a7741df92&#8243; max_width=&#8221;480px&#8221; max_width_tablet=&#8221;100%&#8221; max_width_phone=&#8221;100%&#8221; max_width_last_edited=&#8221;on|tablet&#8221; custom_margin=&#8221;||2rem||false|false&#8221; custom_margin_tablet=&#8221;||2rem||false|false&#8221; custom_margin_phone=&#8221;||1.5rem||false|false&#8221; custom_margin_last_edited=&#8221;on|phone&#8221; hover_enabled=&#8221;0&#8243; global_colors_info=&#8221;{}&#8221; sticky_enabled=&#8221;0&#8243;]<\/p>\n<p><span>Nos techniciens Easykit se rendent sur votre chantier pour l&#8217;inspection finale et la mise en service. Vous pouvez \u00e9galement les r\u00e9server pour quelques jours pendant les travaux afin de b\u00e9n\u00e9ficier d&#8217;une assistance sur le chantier. M\u00eame apr\u00e8s l&#8217;installation, vous pouvez compter sur nos techniciens, par exemple pour l&#8217;entretien ou la r\u00e9paration de vos appareils. Easykit offre un service complet pour l&#8217;autoconstruction. Tout cela aux prix les plus bas !<\/span><\/p>\n<p>[\/et_pb_text][et_pb_button button_url=&#8221;@ET-DC@eyJkeW5hbWljIjp0cnVlLCJjb250ZW50IjoicG9zdF9saW5rX3VybF9wYWdlIiwic2V0dGluZ3MiOnsicG9zdF9pZCI6IjgwIn19@&#8221; button_text=&#8221;En savoir plus&#8221; _builder_version=&#8221;4.22.1&#8243; _dynamic_attributes=&#8221;button_url&#8221; _module_preset=&#8221;ab602863-52c9-417d-83d7-15c49c0936cd&#8221; global_colors_info=&#8221;{}&#8221;][\/et_pb_button][\/et_pb_column][\/et_pb_row][et_pb_row column_structure=&#8221;1_2,1_2&#8243; custom_padding_last_edited=&#8221;on|phone&#8221; module_id=&#8221;s-ventilatie&#8221; module_class=&#8221;uw-row&#8221; _builder_version=&#8221;4.22.1&#8243; _module_preset=&#8221;default&#8221; z_index=&#8221;2&#8243; width=&#8221;100%&#8221; max_width=&#8221;1200px&#8221; custom_padding=&#8221;3rem|30px|3rem|30px|false|false&#8221; custom_padding_tablet=&#8221;2rem|30px|3rem|30px|false|false&#8221; custom_padding_phone=&#8221;1.2rem|20px|1.2rem|20px|false|false&#8221; custom_css_main_element=&#8221;display: flex;||align-items: center;&#8221; locked=&#8221;off&#8221; global_colors_info=&#8221;{}&#8221; custom_css_main_element_last_edited=&#8221;on|phone&#8221; custom_css_main_element_phone=&#8221;display: flex;||align-items: center;||flex-direction: column;&#8221; custom_css_main_element_tablet=&#8221;display: flex;||align-items: center;&#8221;][et_pb_column type=&#8221;1_2&#8243; _builder_version=&#8221;4.22.1&#8243; _module_preset=&#8221;default&#8221; custom_padding=&#8221;|1vw|||false|false&#8221; custom_padding_tablet=&#8221;|3rem|||false|false&#8221; custom_padding_phone=&#8221;|0rem||20px|false|false&#8221; custom_padding_last_edited=&#8221;on|tablet&#8221; global_colors_info=&#8221;{}&#8221; custom_css_main_element_last_edited=&#8221;on|phone&#8221; custom_css_main_element_phone=&#8221;order: 2;||margin-bottom: 0!important;&#8221; custom_css_main_element_tablet=&#8221;margin-bottom: 0!important;&#8221;][et_pb_text module_class=&#8221;title-3 js-fade-in&#8221; _builder_version=&#8221;4.22.1&#8243; _module_preset=&#8221;f9f6c1a9-a132-4d22-b474-298a7741df92&#8243; header_2_text_align=&#8221;left&#8221; header_2_text_color=&#8221;#81BC43&#8243; custom_margin=&#8221;||1rem||false|false&#8221; custom_margin_tablet=&#8221;||0.5rem||false|false&#8221; custom_margin_phone=&#8221;||0.3rem||false|false&#8221; custom_margin_last_edited=&#8221;on|tablet&#8221; hover_enabled=&#8221;0&#8243; global_colors_info=&#8221;{}&#8221; sticky_enabled=&#8221;0&#8243;]<\/p>\n<h3><span>Fiche d&#8217;infos sur les produits<\/span><\/h3>\n<p>[\/et_pb_text][et_pb_text module_class=&#8221;js-fade-in&#8221; _builder_version=&#8221;4.22.1&#8243; _module_preset=&#8221;f9f6c1a9-a132-4d22-b474-298a7741df92&#8243; max_width=&#8221;480px&#8221; max_width_tablet=&#8221;100%&#8221; max_width_phone=&#8221;100%&#8221; max_width_last_edited=&#8221;on|phone&#8221; custom_margin=&#8221;||2rem||false|false&#8221; custom_margin_tablet=&#8221;||2rem||false|false&#8221; custom_margin_phone=&#8221;||1.5rem||false|false&#8221; custom_margin_last_edited=&#8221;on|phone&#8221; hover_enabled=&#8221;0&#8243; global_colors_info=&#8221;{}&#8221; sticky_enabled=&#8221;0&#8243;]<\/p>\n<p><span>Met deze documentatie heb je al de nodige gegevens over onze zelfbouwoplossingen voor verwarming, ventilatie, elektriciteit en sanitair. Wens je meer info? Kom dan zeker eens langs in een Easykit toonzaal.<\/span><\/p>\n<p>[\/et_pb_text][et_pb_button button_url=&#8221;@ET-DC@eyJkeW5hbWljIjp0cnVlLCJjb250ZW50IjoicG9zdF9saW5rX3VybF9wYWdlIiwic2V0dGluZ3MiOnsicG9zdF9pZCI6IjgzIn19@&#8221; button_text=&#8221;En savoir plus&#8221; _builder_version=&#8221;4.22.1&#8243; _dynamic_attributes=&#8221;button_url&#8221; _module_preset=&#8221;ab602863-52c9-417d-83d7-15c49c0936cd&#8221; locked=&#8221;off&#8221; global_colors_info=&#8221;{}&#8221;][\/et_pb_button][\/et_pb_column][et_pb_column type=&#8221;1_2&#8243; _builder_version=&#8221;4.22.1&#8243; _module_preset=&#8221;default&#8221; custom_padding_tablet=&#8221;&#8221; custom_padding_phone=&#8221;||1.8rem||false|false&#8221; custom_padding_last_edited=&#8221;on|phone&#8221; custom_css_main_element=&#8221;margin-bottom: 0!important;&#8221; global_colors_info=&#8221;{}&#8221; custom_css_main_element_last_edited=&#8221;on|phone&#8221; custom_css_main_element_phone=&#8221;margin-bottom: 0!important;||order: 1;&#8221; custom_css_main_element_tablet=&#8221;margin-bottom: 0!important;&#8221;][dsm_block_reveal_image src=&#8221;https:\/\/easykit.stg.amphion.be\/wp-content\/uploads\/2023\/10\/assistentie-op-de-werf.jpg&#8221; alt=&#8221;Unieke aansluitkits&#8221; title_text=&#8221;Zelfbouwkit op maat&#8221; module_class=&#8221;image-frame image-frame_one-side image-frame__blue js-fade-in&#8221; _builder_version=&#8221;4.22.1&#8243; _module_preset=&#8221;2c2db7e3-871c-491d-ab38-5a453f3e6caf&#8221; min_height=&#8221;580px&#8221; min_height_tablet=&#8221;420px&#8221; min_height_phone=&#8221;270px&#8221; min_height_last_edited=&#8221;on|tablet&#8221; height=&#8221;35vw&#8221; max_height=&#8221;650px&#8221; max_height_tablet=&#8221;550px&#8221; max_height_phone=&#8221;400px&#8221; max_height_last_edited=&#8221;on|tablet&#8221; global_colors_info=&#8221;{}&#8221;][\/dsm_block_reveal_image][\/et_pb_column][\/et_pb_row][\/et_pb_section]<\/p>\n","protected":false},"excerpt":{"rendered":"<p>Documentation<div class=\"et_pb_with_border et_pb_module dsm_block_reveal_image dsm_block_reveal_image_0 image-frame image-frame_one-side image-frame__red js-fade-in\">\n\t\t\t\t\n\t\t\t\t\n\t\t\t\t\n\t\t\t\t\n\t\t\t\t\n\t\t\t\t\n\t\t\t\t<div class=\"et_pb_module_inner\">\n\t\t\t\t\t<div class=\"dsm_block_reveal_image_wrapper\" >\n\t\t\t\t\n\t\t\t\t\n\t\t\t\t<span class=\"et_pb_image_wrap\" data-dsm-block-reveal-animation=\"lr\" data-dsm-block-reveal-color=\"#D4310F\" data-dsm-block-reveal-delay=\"0.1\" data-dsm-block-reveal-viewport=\"80%\"><img src=\"https:\/\/easykit.stg.amphion.be\/wp-content\/uploads\/2023\/10\/11.jpg\" alt=\"Chauffage par le sol \u00e0 monter soi-m\u00eame\" title=\"Manuels\" srcset=\"https:\/\/easykit.stg.amphion.be\/wp-content\/uploads\/2023\/10\/11.jpg 800w, https:\/\/easykit.stg.amphion.be\/wp-content\/uploads\/2023\/10\/11-480x480.jpg 480w\" sizes=\"(min-width: 0px) and (max-width: 480px) 480px, (min-width: 481px) 800px, 100vw\" \/><\/span>\n\t\t\t<\/div>\n\t\t\t\t<\/div>\n\t\t\t<\/div>Guide pratique de construction pour le pr\u00eat-\u00e0-monter malinNos techniciens Easykit se rendent sur votre chantier pour l&#8217;inspection finale et la mise en service. Vous pouvez \u00e9galement les r\u00e9server pour [&hellip;]<\/p>\n","protected":false},"author":1,"featured_media":0,"parent":0,"menu_order":0,"comment_status":"closed","ping_status":"closed","template":"","meta":{"_et_pb_use_builder":"on","_et_pb_old_content":"","_et_gb_content_width":"","inline_featured_image":false,"footnotes":""},"acf":[],"yoast_head":"<!-- This site is optimized with the Yoast SEO plugin v21.7 - https:\/\/yoast.com\/wordpress\/plugins\/seo\/ -->\n<title>Documentation - EasyKit<\/title>\n<meta name=\"robots\" content=\"noindex, follow, max-snippet:-1, max-image-preview:large, max-video-preview:-1\" \/>\n<meta property=\"og:locale\" content=\"fr_FR\" \/>\n<meta property=\"og:type\" content=\"article\" \/>\n<meta property=\"og:title\" content=\"Documentation - EasyKit\" \/>\n<meta property=\"og:description\" content=\"DocumentationGuide pratique de construction pour le pr\u00eat-\u00e0-monter malinNos techniciens Easykit se rendent sur votre chantier pour l&#039;inspection finale et la mise en service. Vous pouvez \u00e9galement les r\u00e9server pour [&hellip;]\" \/>\n<meta property=\"og:site_name\" content=\"EasyKit\" \/>\n<meta property=\"article:modified_time\" content=\"2023-11-10T11:53:50+00:00\" \/>\n<meta name=\"twitter:card\" content=\"summary_large_image\" \/>\n<meta name=\"twitter:label1\" content=\"Dur\u00e9e de lecture estim\u00e9e\" \/>\n\t<meta name=\"twitter:data1\" content=\"7 minutes\" \/>\n<script type=\"application\/ld+json\" class=\"yoast-schema-graph\">{\"@context\":\"https:\/\/schema.org\",\"@graph\":[{\"@type\":\"WebPage\",\"@id\":\"https:\/\/easykit.stg.amphion.be\/fr\/documentation\/\",\"url\":\"https:\/\/easykit.stg.amphion.be\/fr\/documentation\/\",\"name\":\"Documentation - EasyKit\",\"isPartOf\":{\"@id\":\"https:\/\/easykit.stg.amphion.be\/fr\/#website\"},\"datePublished\":\"2023-10-21T13:12:44+00:00\",\"dateModified\":\"2023-11-10T11:53:50+00:00\",\"breadcrumb\":{\"@id\":\"https:\/\/easykit.stg.amphion.be\/fr\/documentation\/#breadcrumb\"},\"inLanguage\":\"fr-FR\",\"potentialAction\":[{\"@type\":\"ReadAction\",\"target\":[\"https:\/\/easykit.stg.amphion.be\/fr\/documentation\/\"]}]},{\"@type\":\"BreadcrumbList\",\"@id\":\"https:\/\/easykit.stg.amphion.be\/fr\/documentation\/#breadcrumb\",\"itemListElement\":[{\"@type\":\"ListItem\",\"position\":1,\"name\":\"Home\",\"item\":\"https:\/\/easykit.stg.amphion.be\/fr\/\"},{\"@type\":\"ListItem\",\"position\":2,\"name\":\"Documentation\"}]},{\"@type\":\"WebSite\",\"@id\":\"https:\/\/easykit.stg.amphion.be\/fr\/#website\",\"url\":\"https:\/\/easykit.stg.amphion.be\/fr\/\",\"name\":\"EasyKit\",\"description\":\"\",\"potentialAction\":[{\"@type\":\"SearchAction\",\"target\":{\"@type\":\"EntryPoint\",\"urlTemplate\":\"https:\/\/easykit.stg.amphion.be\/fr\/?s={search_term_string}\"},\"query-input\":\"required name=search_term_string\"}],\"inLanguage\":\"fr-FR\"}]}<\/script>\n<!-- \/ Yoast SEO plugin. -->","yoast_head_json":{"title":"Documentation - EasyKit","robots":{"index":"noindex","follow":"follow","max-snippet":"max-snippet:-1","max-image-preview":"max-image-preview:large","max-video-preview":"max-video-preview:-1"},"og_locale":"fr_FR","og_type":"article","og_title":"Documentation - EasyKit","og_description":"DocumentationGuide pratique de construction pour le pr\u00eat-\u00e0-monter malinNos techniciens Easykit se rendent sur votre chantier pour l'inspection finale et la mise en service. Vous pouvez \u00e9galement les r\u00e9server pour [&hellip;]","og_site_name":"EasyKit","article_modified_time":"2023-11-10T11:53:50+00:00","twitter_card":"summary_large_image","twitter_misc":{"Dur\u00e9e de lecture estim\u00e9e":"7 minutes"},"schema":{"@context":"https:\/\/schema.org","@graph":[{"@type":"WebPage","@id":"https:\/\/easykit.stg.amphion.be\/fr\/documentation\/","url":"https:\/\/easykit.stg.amphion.be\/fr\/documentation\/","name":"Documentation - EasyKit","isPartOf":{"@id":"https:\/\/easykit.stg.amphion.be\/fr\/#website"},"datePublished":"2023-10-21T13:12:44+00:00","dateModified":"2023-11-10T11:53:50+00:00","breadcrumb":{"@id":"https:\/\/easykit.stg.amphion.be\/fr\/documentation\/#breadcrumb"},"inLanguage":"fr-FR","potentialAction":[{"@type":"ReadAction","target":["https:\/\/easykit.stg.amphion.be\/fr\/documentation\/"]}]},{"@type":"BreadcrumbList","@id":"https:\/\/easykit.stg.amphion.be\/fr\/documentation\/#breadcrumb","itemListElement":[{"@type":"ListItem","position":1,"name":"Home","item":"https:\/\/easykit.stg.amphion.be\/fr\/"},{"@type":"ListItem","position":2,"name":"Documentation"}]},{"@type":"WebSite","@id":"https:\/\/easykit.stg.amphion.be\/fr\/#website","url":"https:\/\/easykit.stg.amphion.be\/fr\/","name":"EasyKit","description":"","potentialAction":[{"@type":"SearchAction","target":{"@type":"EntryPoint","urlTemplate":"https:\/\/easykit.stg.amphion.be\/fr\/?s={search_term_string}"},"query-input":"required name=search_term_string"}],"inLanguage":"fr-FR"}]}},"_links":{"self":[{"href":"https:\/\/easykit.stg.amphion.be\/fr\/wp-json\/wp\/v2\/pages\/7184"}],"collection":[{"href":"https:\/\/easykit.stg.amphion.be\/fr\/wp-json\/wp\/v2\/pages"}],"about":[{"href":"https:\/\/easykit.stg.amphion.be\/fr\/wp-json\/wp\/v2\/types\/page"}],"author":[{"embeddable":true,"href":"https:\/\/easykit.stg.amphion.be\/fr\/wp-json\/wp\/v2\/users\/1"}],"replies":[{"embeddable":true,"href":"https:\/\/easykit.stg.amphion.be\/fr\/wp-json\/wp\/v2\/comments?post=7184"}],"version-history":[{"count":6,"href":"https:\/\/easykit.stg.amphion.be\/fr\/wp-json\/wp\/v2\/pages\/7184\/revisions"}],"predecessor-version":[{"id":8101,"href":"https:\/\/easykit.stg.amphion.be\/fr\/wp-json\/wp\/v2\/pages\/7184\/revisions\/8101"}],"wp:attachment":[{"href":"https:\/\/easykit.stg.amphion.be\/fr\/wp-json\/wp\/v2\/media?parent=7184"}],"curies":[{"name":"wp","href":"https:\/\/api.w.org\/{rel}","templated":true}]}}