{"id":7474,"date":"2023-08-06T06:25:04","date_gmt":"2023-08-06T06:25:04","guid":{"rendered":"https:\/\/easykit.stg.amphion.be\/orientations\/notre-coach-auto-construction\/"},"modified":"2023-11-10T10:41:54","modified_gmt":"2023-11-10T10:41:54","slug":"notre-coach-auto-construction","status":"publish","type":"page","link":"https:\/\/easykit.stg.amphion.be\/fr\/assistance\/notre-coach-auto-construction\/","title":{"rendered":"Notre coach auto-construction"},"content":{"rendered":"<p>[et_pb_section fb_built=&#8221;1&#8243; custom_padding_last_edited=&#8221;on|tablet&#8221; admin_label=&#8221;Intro&#8221; module_class=&#8221;intro-section intro-section_left&#8221; _builder_version=&#8221;4.22.1&#8243; _module_preset=&#8221;default&#8221; background_color=&#8221;#F8FAFF&#8221; background_image=&#8221;\/wp-content\/themes\/Divi\/images\/background_dots_blue.svg&#8221; background_size=&#8221;contain&#8221; background_position=&#8221;bottom_center&#8221; background_repeat=&#8221;repeat-x&#8221; min_height=&#8221;95vh&#8221; custom_padding=&#8221;7rem||4rem||false|false&#8221; custom_padding_tablet=&#8221;5rem||4rem||false|false&#8221; custom_padding_phone=&#8221;3rem||1rem||false|false&#8221; top_divider_color=&#8221;#F4980F&#8221; bottom_divider_style=&#8221;slant&#8221; bottom_divider_color=&#8221;#FFFFFF&#8221; bottom_divider_height=&#8221;60px&#8221; bottom_divider_height_tablet=&#8221;30px&#8221; bottom_divider_height_phone=&#8221;0px&#8221; bottom_divider_height_last_edited=&#8221;on|tablet&#8221; custom_css_main_element=&#8221;display: flex;&#8221; locked=&#8221;off&#8221; global_colors_info=&#8221;{}&#8221;][et_pb_row column_structure=&#8221;1_2,1_2&#8243; custom_padding_last_edited=&#8221;on|phone&#8221; module_class=&#8221;uw-row&#8221; _builder_version=&#8221;4.22.1&#8243; _module_preset=&#8221;default&#8221; width=&#8221;100%&#8221; max_width=&#8221;1200px&#8221; custom_padding=&#8221;|30px||30px|false|false&#8221; custom_padding_tablet=&#8221;|30px||30px|false|false&#8221; custom_padding_phone=&#8221;|20px||20px|false|false&#8221; custom_css_main_element=&#8221;display: flex;||align-items: center;&#8221; global_colors_info=&#8221;{}&#8221; custom_css_main_element_last_edited=&#8221;on|phone&#8221; custom_css_main_element_phone=&#8221;display: flex;||flex-direction: column;&#8221; custom_css_main_element_tablet=&#8221;display: flex;||align-items: center;&#8221;][et_pb_column type=&#8221;1_2&#8243; _builder_version=&#8221;4.22.1&#8243; _module_preset=&#8221;default&#8221; custom_css_main_element=&#8221;margin-bottom: 0!important;&#8221; global_colors_info=&#8221;{}&#8221; custom_css_main_element_last_edited=&#8221;on|phone&#8221; custom_css_main_element_phone=&#8221;margin-bottom: 30px!important;||&#8221; custom_css_main_element_tablet=&#8221;margin-bottom: 0!important;&#8221;][dsm_block_reveal_image src=&#8221;https:\/\/easykit.stg.amphion.be\/wp-content\/uploads\/2023\/10\/onze_vakman_visual.jpg&#8221; title_text=&#8221;onze_vakman_visual&#8221; module_class=&#8221;image-frame image-frame__intro image-frame__video image-frame__intro__left js-fade-in&#8221; _builder_version=&#8221;4.22.1&#8243; _module_preset=&#8221;2c2db7e3-871c-491d-ab38-5a453f3e6caf&#8221; min_height_tablet=&#8221;500px&#8221; min_height_phone=&#8221;280px&#8221; min_height_last_edited=&#8221;on|tablet&#8221; global_colors_info=&#8221;{}&#8221;][\/dsm_block_reveal_image][dsm_button button_one_text=&#8221;Voir comment \u00e7a marche&#8221; button_one_url=&#8221;https:\/\/www.youtube.com\/watch?v=4_-PYz-W9-E&#8221; _builder_version=&#8221;4.22.1&#8243; _module_preset=&#8221;e807571d-c48a-4105-9882-545684c0ee2f&#8221; global_colors_info=&#8221;{}&#8221;][\/dsm_button][\/et_pb_column][et_pb_column type=&#8221;1_2&#8243; _builder_version=&#8221;4.22.1&#8243; _module_preset=&#8221;default&#8221; custom_padding=&#8221;|||2rem|false|false&#8221; custom_padding_tablet=&#8221;|||3rem|false|false&#8221; custom_padding_phone=&#8221;|||0rem|false|false&#8221; custom_padding_last_edited=&#8221;on|tablet&#8221; global_colors_info=&#8221;{}&#8221;][et_pb_text module_class=&#8221;title-1 js-fade-in&#8221; _builder_version=&#8221;4.22.1&#8243; _module_preset=&#8221;f9f6c1a9-a132-4d22-b474-298a7741df92&#8243; header_text_color=&#8221;#00569D&#8221; custom_margin=&#8221;||1.3rem||false|false&#8221; custom_margin_tablet=&#8221;||1rem||false|false&#8221; custom_margin_phone=&#8221;||0.5rem||false|false&#8221; custom_margin_last_edited=&#8221;on|tablet&#8221; hover_enabled=&#8221;0&#8243; global_colors_info=&#8221;{}&#8221; sticky_enabled=&#8221;0&#8243;]<\/p>\n<h1><span>L&#8217;autoconstruction avec un coaching unique et personnalis\u00e9!<\/span><\/h1>\n<p>[\/et_pb_text][et_pb_text module_class=&#8221;js-fade-in&#8221; _builder_version=&#8221;4.22.1&#8243; _module_preset=&#8221;f9f6c1a9-a132-4d22-b474-298a7741df92&#8243; max_width=&#8221;450px&#8221; max_width_tablet=&#8221;450px&#8221; max_width_phone=&#8221;450px&#8221; max_width_last_edited=&#8221;on|desktop&#8221; custom_margin=&#8221;||0px||false|false&#8221; custom_margin_tablet=&#8221;||0px||false|false&#8221; custom_margin_phone=&#8221;||0px||false|false&#8221; custom_margin_last_edited=&#8221;on|phone&#8221; hover_enabled=&#8221;0&#8243; global_colors_info=&#8221;{}&#8221; sticky_enabled=&#8221;0&#8243;]<\/p>\n<p><span>Easykit r\u00e9fl\u00e9chit avec vous. Vous \u00eates accompagn\u00e9 personnellement par un sp\u00e9cialiste exp\u00e9riment\u00e9 de l&#8217;autoconstruction. Il vous donne des conseils, il fait une \u00e9tude et il est pr\u00eat \u00e0 vous aider \u00e0 tout moment dans votre projet de construction. De plus, Easykit vous offre une formation et de nombreux outils pratiques : vid\u00e9o, livrets d&#8217;instructions, outils gratuits, etc. et tout cela aux prix les plus bas!<\/span><\/p>\n<p>[\/et_pb_text][\/et_pb_column][\/et_pb_row][\/et_pb_section][et_pb_section fb_built=&#8221;1&#8243; custom_padding_last_edited=&#8221;on|phone&#8221; _builder_version=&#8221;4.22.1&#8243; _module_preset=&#8221;default&#8221; custom_padding=&#8221;2rem||3rem||false|false&#8221; custom_padding_tablet=&#8221;2rem||2rem||false|false&#8221; custom_padding_phone=&#8221;0.5rem||1.5rem||false|false&#8221; locked=&#8221;off&#8221; global_colors_info=&#8221;{}&#8221;][et_pb_row custom_padding_last_edited=&#8221;on|phone&#8221; module_class=&#8221;uw-row&#8221; _builder_version=&#8221;4.22.1&#8243; _module_preset=&#8221;default&#8221; width=&#8221;100%&#8221; max_width=&#8221;1200px&#8221; custom_padding=&#8221;|30px||30px|false|false&#8221; custom_padding_tablet=&#8221;|30px||30px|false|false&#8221; custom_padding_phone=&#8221;|20px|0px|20px|false|false&#8221; global_colors_info=&#8221;{}&#8221;][et_pb_column type=&#8221;4_4&#8243; _builder_version=&#8221;4.21.0&#8243; _module_preset=&#8221;default&#8221; global_colors_info=&#8221;{}&#8221;][et_pb_text module_class=&#8221;title-2 js-fade-in&#8221; _builder_version=&#8221;4.22.1&#8243; _module_preset=&#8221;f9f6c1a9-a132-4d22-b474-298a7741df92&#8243; header_text_align=&#8221;center&#8221; custom_margin_tablet=&#8221;&#8221; custom_margin_phone=&#8221;||0px||false|false&#8221; custom_margin_last_edited=&#8221;on|phone&#8221; custom_padding_tablet=&#8221;&#8221; custom_padding_phone=&#8221;||0px||false|false&#8221; custom_padding_last_edited=&#8221;on|phone&#8221; global_colors_info=&#8221;{}&#8221;]<\/p>\n<h2>Votre propre coach en auto-construction<\/h2>\n<p>[\/et_pb_text][et_pb_custblog post_type=&#8221;our_coaches&#8221; posts_number=&#8221;20&#8243; _builder_version=&#8221;4.22.1&#8243; _module_preset=&#8221;85420660-6f6c-4998-a721-a54b54b5189a&#8221; global_colors_info=&#8221;{}&#8221;][\/et_pb_custblog][\/et_pb_column][\/et_pb_row][\/et_pb_section][et_pb_section fb_built=&#8221;1&#8243; custom_padding_last_edited=&#8221;on|tablet&#8221; prev_background_color=&#8221;#ffffff&#8221; admin_label=&#8221;Section&#8221; module_class=&#8221;section-decor-bottom-left&#8221; _builder_version=&#8221;4.22.1&#8243; _module_preset=&#8221;default&#8221; background_color=&#8221;#F8FAFF&#8221; background_image=&#8221;\/wp-content\/themes\/Divi\/images\/background_dots_blue.svg&#8221; background_size=&#8221;contain&#8221; background_position=&#8221;bottom_center&#8221; background_repeat=&#8221;repeat-x&#8221; min_height=&#8221;800px&#8221; min_height_tablet=&#8221;600px&#8221; min_height_phone=&#8221;auto&#8221; min_height_last_edited=&#8221;on|tablet&#8221; height=&#8221;50vw&#8221; height_tablet=&#8221;60vw&#8221; height_phone=&#8221;auto&#8221; height_last_edited=&#8221;on|tablet&#8221; max_height=&#8221;1000px&#8221; max_height_tablet=&#8221;800px&#8221; max_height_phone=&#8221;800px&#8221; max_height_last_edited=&#8221;on|tablet&#8221; custom_margin=&#8221;||-60px||false|false&#8221; custom_margin_tablet=&#8221;||-30px||false|false&#8221; custom_margin_phone=&#8221;||0px||false|false&#8221; custom_margin_last_edited=&#8221;on|phone&#8221; custom_padding=&#8221;8rem||8rem||false|false&#8221; custom_padding_tablet=&#8221;4rem||4rem||false|false&#8221; custom_padding_phone=&#8221;0.7rem||10rem||false|false&#8221; top_divider_style=&#8221;slant&#8221; top_divider_height=&#8221;60px&#8221; top_divider_height_tablet=&#8221;30px&#8221; top_divider_height_phone=&#8221;0px&#8221; top_divider_height_last_edited=&#8221;on|phone&#8221; bottom_divider_color=&#8221;#F8FAFF&#8221; bottom_divider_height=&#8221;60px&#8221; bottom_divider_height_tablet=&#8221;30px&#8221; bottom_divider_height_phone=&#8221;0px&#8221; bottom_divider_height_last_edited=&#8221;on|phone&#8221; custom_css_main_element=&#8221;display: flex;&#8221; locked=&#8221;off&#8221; global_colors_info=&#8221;{}&#8221;][et_pb_row column_structure=&#8221;1_2,1_2&#8243; use_custom_gutter=&#8221;on&#8221; gutter_width=&#8221;4&#8243; make_equal=&#8221;on&#8221; custom_padding_last_edited=&#8221;on|phone&#8221; module_class=&#8221;uw-row&#8221; _builder_version=&#8221;4.22.1&#8243; _module_preset=&#8221;default&#8221; z_index=&#8221;2&#8243; width=&#8221;100%&#8221; max_width=&#8221;1200px&#8221; custom_padding=&#8221;|30px||30px|false|false&#8221; custom_padding_tablet=&#8221;|30px||30px|false|false&#8221; custom_padding_phone=&#8221;|20px||20px|false|false&#8221; custom_css_main_element=&#8221;display: flex;&#8221; locked=&#8221;off&#8221; global_colors_info=&#8221;{}&#8221; custom_css_main_element_last_edited=&#8221;on|tablet&#8221; custom_css_main_element_tablet=&#8221;display: flex;&#8221; custom_css_main_element_phone=&#8221;display: block;&#8221;][et_pb_column type=&#8221;1_2&#8243; _builder_version=&#8221;4.22.1&#8243; _module_preset=&#8221;default&#8221; custom_padding=&#8221;|5vw|||false|false&#8221; custom_padding_tablet=&#8221;|5vw|||false|false&#8221; custom_padding_phone=&#8221;|0vw|||false|false&#8221; custom_padding_last_edited=&#8221;on|phone&#8221; global_colors_info=&#8221;{}&#8221;][et_pb_text module_class=&#8221;title-2 js-fade-in&#8221; _builder_version=&#8221;4.22.1&#8243; _module_preset=&#8221;f9f6c1a9-a132-4d22-b474-298a7741df92&#8243; header_text_align=&#8221;left&#8221; header_2_text_align=&#8221;left&#8221; custom_margin=&#8221;||1rem||false|false&#8221; custom_margin_tablet=&#8221;||0.5rem||false|false&#8221; custom_margin_phone=&#8221;||0.5rem||false|false&#8221; custom_margin_last_edited=&#8221;on|tablet&#8221; hover_enabled=&#8221;0&#8243; header_2_text_align_tablet=&#8221;left&#8221; header_2_text_align_phone=&#8221;center&#8221; header_2_text_align_last_edited=&#8221;on|phone&#8221; locked=&#8221;off&#8221; global_colors_info=&#8221;{}&#8221; sticky_enabled=&#8221;0&#8243;]<\/p>\n<h2><span>Vous ne trouvez toujours pas ce que vous cherchez?<\/span><\/h2>\n<p>[\/et_pb_text][et_pb_text module_class=&#8221;js-fade-in&#8221; _builder_version=&#8221;4.22.1&#8243; _module_preset=&#8221;f9f6c1a9-a132-4d22-b474-298a7741df92&#8243; text_text_color=&#8221;#00569D&#8221; custom_margin=&#8221;||2rem||false|false&#8221; custom_margin_tablet=&#8221;||1.5rem||false|false&#8221; custom_margin_phone=&#8221;||1rem||false|false&#8221; custom_margin_last_edited=&#8221;on|tablet&#8221; hover_enabled=&#8221;0&#8243; text_orientation_tablet=&#8221;&#8221; text_orientation_phone=&#8221;center&#8221; text_orientation_last_edited=&#8221;on|phone&#8221; global_colors_info=&#8221;{}&#8221; sticky_enabled=&#8221;0&#8243;]<\/p>\n<p><span>D\u00e9couvrez ici quelques sujets br\u00fblants de notre base de connaissances<\/span><\/p>\n<p>[\/et_pb_text][et_pb_button button_url=&#8221;@ET-DC@eyJkeW5hbWljIjp0cnVlLCJjb250ZW50IjoicG9zdF9saW5rX3VybF9wYWdlIiwic2V0dGluZ3MiOnsicG9zdF9pZCI6IjYyIn19@&#8221; button_text=&#8221;Voir tous les articles&#8221; button_alignment=&#8221;left&#8221; button_alignment_tablet=&#8221;left&#8221; button_alignment_phone=&#8221;center&#8221; button_alignment_last_edited=&#8221;on|phone&#8221; _builder_version=&#8221;4.22.1&#8243; _dynamic_attributes=&#8221;button_url&#8221; _module_preset=&#8221;ab602863-52c9-417d-83d7-15c49c0936cd&#8221; custom_margin=&#8221;0px||||false|false&#8221; global_colors_info=&#8221;{}&#8221;][\/et_pb_button][\/et_pb_column][et_pb_column type=&#8221;1_2&#8243; _builder_version=&#8221;4.21.0&#8243; _module_preset=&#8221;default&#8221; global_colors_info=&#8221;{}&#8221;][et_pb_code _builder_version=&#8221;4.22.1&#8243; _module_preset=&#8221;default&#8221; global_colors_info=&#8221;{}&#8221;][\/et_pb_code][\/et_pb_column][\/et_pb_row][et_pb_row admin_label=&#8221;background&#8221; _builder_version=&#8221;4.22.1&#8243; _module_preset=&#8221;default&#8221; background_image=&#8221;https:\/\/easykit.stg.amphion.be\/wp-content\/uploads\/2023\/10\/man-visual.png&#8221; background_size=&#8221;contain&#8221; background_position=&#8221;bottom_right&#8221; background_horizontal_offset=&#8221;5vw&#8221; positioning=&#8221;absolute&#8221; position_origin_a=&#8221;bottom_center&#8221; z_index=&#8221;0&#8243; width=&#8221;100%&#8221; max_width=&#8221;100%&#8221; min_height=&#8221;600px&#8221; min_height_tablet=&#8221;600px&#8221; min_height_phone=&#8221;100%&#8221; min_height_last_edited=&#8221;on|phone&#8221; height=&#8221;90%&#8221; height_tablet=&#8221;90%&#8221; height_phone=&#8221;100%&#8221; height_last_edited=&#8221;on|phone&#8221; max_height=&#8221;850px&#8221; custom_padding=&#8221;0px|0px|0px|0px|false|false&#8221; background_last_edited=&#8221;on|phone&#8221; background_image_phone=&#8221;https:\/\/easykit.stg.amphion.be\/wp-content\/uploads\/2023\/10\/man-visual_mobile.png&#8221; background_enable_image_phone=&#8221;on&#8221; background_size_phone=&#8221;custom&#8221; background_image_width_phone=&#8221;60%&#8221; background_position_phone=&#8221;bottom_center&#8221; background_horizontal_offset_phone=&#8221;0vw&#8221; global_colors_info=&#8221;{}&#8221;][et_pb_column type=&#8221;4_4&#8243; _builder_version=&#8221;4.22.1&#8243; _module_preset=&#8221;default&#8221; global_colors_info=&#8221;{}&#8221;][\/et_pb_column][\/et_pb_row][\/et_pb_section]<\/p>\n","protected":false},"excerpt":{"rendered":"<p><div class=\"et_pb_with_border et_pb_module dsm_block_reveal_image dsm_block_reveal_image_0 image-frame image-frame__intro image-frame__video image-frame__intro__left js-fade-in\">\n\t\t\t\t\n\t\t\t\t\n\t\t\t\t\n\t\t\t\t\n\t\t\t\t\n\t\t\t\t\n\t\t\t\t<div class=\"et_pb_module_inner\">\n\t\t\t\t\t<div class=\"dsm_block_reveal_image_wrapper\" >\n\t\t\t\t\n\t\t\t\t\n\t\t\t\t<span class=\"et_pb_image_wrap\" data-dsm-block-reveal-animation=\"lr\" data-dsm-block-reveal-color=\"#00569D\" data-dsm-block-reveal-delay=\"0.1\" data-dsm-block-reveal-viewport=\"80%\"><img src=\"https:\/\/easykit.stg.amphion.be\/wp-content\/uploads\/2023\/10\/onze_vakman_visual.jpg\" alt=\"\" title=\"onze_vakman_visual\" srcset=\"https:\/\/easykit.stg.amphion.be\/wp-content\/uploads\/2023\/10\/onze_vakman_visual.jpg 1060w, https:\/\/easykit.stg.amphion.be\/wp-content\/uploads\/2023\/10\/onze_vakman_visual-980x958.jpg 980w, https:\/\/easykit.stg.amphion.be\/wp-content\/uploads\/2023\/10\/onze_vakman_visual-480x469.jpg 480w\" sizes=\"(min-width: 0px) and (max-width: 480px) 480px, (min-width: 481px) and (max-width: 980px) 980px, (min-width: 981px) 1060px, 100vw\" \/><\/span>\n\t\t\t<\/div>\n\t\t\t\t<\/div>\n\t\t\t<\/div><div class=\"et_pb_module dsm_button dsm_button_0 button-play et_pb_bg_layout_light\">\n\t\t\t\t\n\t\t\t\t\n\t\t\t\t\n\t\t\t\t\n\t\t\t\t\n\t\t\t\t\n\t\t\t\t<div class=\"et_pb_module_inner\">\n\t\t\t\t\t<div class=\"et_pb_button_module_wrappers dsm_button_0_wrapper  et_pb_module\">\n\t\t\t\t<a class=\"et_pb_button et_pb_button_one dsm-video-lightbox et_pb_bg_layout_light dsm-none \"  href=\"https:\/\/www.youtube.com\/watch?v=4_-PYz-W9-E\" data-dsm-lightbox-id=\"dsm_button_one_lightbox dsm_button_0\">Voir comment \u00e7a marche<\/a>\n\t\t\t<\/div>\n\t\t\t\t<\/div>\n\t\t\t<\/div>L&#8217;autoconstruction avec un coaching unique et personnalis\u00e9!Easykit r\u00e9fl\u00e9chit avec vous. Vous \u00eates accompagn\u00e9 personnellement par un sp\u00e9cialiste exp\u00e9riment\u00e9 de l&#8217;autoconstruction. Il vous donne des conseils, il fait une \u00e9tude et il est pr\u00eat \u00e0 [&hellip;]<\/p>\n","protected":false},"author":1,"featured_media":0,"parent":7468,"menu_order":0,"comment_status":"closed","ping_status":"closed","template":"","meta":{"_et_pb_use_builder":"on","_et_pb_old_content":"","_et_gb_content_width":"","inline_featured_image":false,"footnotes":""},"acf":[],"yoast_head":"<!-- This site is optimized with the Yoast SEO plugin v21.7 - https:\/\/yoast.com\/wordpress\/plugins\/seo\/ -->\n<title>Notre coach auto-construction - EasyKit<\/title>\n<meta name=\"robots\" content=\"noindex, follow, max-snippet:-1, max-image-preview:large, max-video-preview:-1\" \/>\n<meta property=\"og:locale\" content=\"fr_FR\" \/>\n<meta property=\"og:type\" content=\"article\" \/>\n<meta property=\"og:title\" content=\"Notre coach auto-construction - EasyKit\" \/>\n<meta property=\"og:description\" content=\"L&#039;autoconstruction avec un coaching unique et personnalis\u00e9!Easykit r\u00e9fl\u00e9chit avec vous. Vous \u00eates accompagn\u00e9 personnellement par un sp\u00e9cialiste exp\u00e9riment\u00e9 de l&#039;autoconstruction. Il vous donne des conseils, il fait une \u00e9tude et il est pr\u00eat \u00e0 [&hellip;]\" \/>\n<meta property=\"og:site_name\" content=\"EasyKit\" \/>\n<meta property=\"article:modified_time\" content=\"2023-11-10T10:41:54+00:00\" \/>\n<meta name=\"twitter:card\" content=\"summary_large_image\" \/>\n<meta name=\"twitter:label1\" content=\"Dur\u00e9e de lecture estim\u00e9e\" \/>\n\t<meta name=\"twitter:data1\" content=\"8 minutes\" \/>\n<script type=\"application\/ld+json\" class=\"yoast-schema-graph\">{\"@context\":\"https:\/\/schema.org\",\"@graph\":[{\"@type\":\"WebPage\",\"@id\":\"https:\/\/easykit.stg.amphion.be\/fr\/assistance\/notre-coach-auto-construction\/\",\"url\":\"https:\/\/easykit.stg.amphion.be\/fr\/assistance\/notre-coach-auto-construction\/\",\"name\":\"Notre coach auto-construction - EasyKit\",\"isPartOf\":{\"@id\":\"https:\/\/easykit.stg.amphion.be\/fr\/#website\"},\"datePublished\":\"2023-08-06T06:25:04+00:00\",\"dateModified\":\"2023-11-10T10:41:54+00:00\",\"breadcrumb\":{\"@id\":\"https:\/\/easykit.stg.amphion.be\/fr\/assistance\/notre-coach-auto-construction\/#breadcrumb\"},\"inLanguage\":\"fr-FR\",\"potentialAction\":[{\"@type\":\"ReadAction\",\"target\":[\"https:\/\/easykit.stg.amphion.be\/fr\/assistance\/notre-coach-auto-construction\/\"]}]},{\"@type\":\"BreadcrumbList\",\"@id\":\"https:\/\/easykit.stg.amphion.be\/fr\/assistance\/notre-coach-auto-construction\/#breadcrumb\",\"itemListElement\":[{\"@type\":\"ListItem\",\"position\":1,\"name\":\"Home\",\"item\":\"https:\/\/easykit.stg.amphion.be\/fr\/\"},{\"@type\":\"ListItem\",\"position\":2,\"name\":\"Assistance\",\"item\":\"https:\/\/easykit.stg.amphion.be\/fr\/begeleiding\/\"},{\"@type\":\"ListItem\",\"position\":3,\"name\":\"Notre coach auto-construction\"}]},{\"@type\":\"WebSite\",\"@id\":\"https:\/\/easykit.stg.amphion.be\/fr\/#website\",\"url\":\"https:\/\/easykit.stg.amphion.be\/fr\/\",\"name\":\"EasyKit\",\"description\":\"\",\"potentialAction\":[{\"@type\":\"SearchAction\",\"target\":{\"@type\":\"EntryPoint\",\"urlTemplate\":\"https:\/\/easykit.stg.amphion.be\/fr\/?s={search_term_string}\"},\"query-input\":\"required name=search_term_string\"}],\"inLanguage\":\"fr-FR\"}]}<\/script>\n<!-- \/ Yoast SEO plugin. -->","yoast_head_json":{"title":"Notre coach auto-construction - EasyKit","robots":{"index":"noindex","follow":"follow","max-snippet":"max-snippet:-1","max-image-preview":"max-image-preview:large","max-video-preview":"max-video-preview:-1"},"og_locale":"fr_FR","og_type":"article","og_title":"Notre coach auto-construction - EasyKit","og_description":"L'autoconstruction avec un coaching unique et personnalis\u00e9!Easykit r\u00e9fl\u00e9chit avec vous. Vous \u00eates accompagn\u00e9 personnellement par un sp\u00e9cialiste exp\u00e9riment\u00e9 de l'autoconstruction. Il vous donne des conseils, il fait une \u00e9tude et il est pr\u00eat \u00e0 [&hellip;]","og_site_name":"EasyKit","article_modified_time":"2023-11-10T10:41:54+00:00","twitter_card":"summary_large_image","twitter_misc":{"Dur\u00e9e de lecture estim\u00e9e":"8 minutes"},"schema":{"@context":"https:\/\/schema.org","@graph":[{"@type":"WebPage","@id":"https:\/\/easykit.stg.amphion.be\/fr\/assistance\/notre-coach-auto-construction\/","url":"https:\/\/easykit.stg.amphion.be\/fr\/assistance\/notre-coach-auto-construction\/","name":"Notre coach auto-construction - EasyKit","isPartOf":{"@id":"https:\/\/easykit.stg.amphion.be\/fr\/#website"},"datePublished":"2023-08-06T06:25:04+00:00","dateModified":"2023-11-10T10:41:54+00:00","breadcrumb":{"@id":"https:\/\/easykit.stg.amphion.be\/fr\/assistance\/notre-coach-auto-construction\/#breadcrumb"},"inLanguage":"fr-FR","potentialAction":[{"@type":"ReadAction","target":["https:\/\/easykit.stg.amphion.be\/fr\/assistance\/notre-coach-auto-construction\/"]}]},{"@type":"BreadcrumbList","@id":"https:\/\/easykit.stg.amphion.be\/fr\/assistance\/notre-coach-auto-construction\/#breadcrumb","itemListElement":[{"@type":"ListItem","position":1,"name":"Home","item":"https:\/\/easykit.stg.amphion.be\/fr\/"},{"@type":"ListItem","position":2,"name":"Assistance","item":"https:\/\/easykit.stg.amphion.be\/fr\/begeleiding\/"},{"@type":"ListItem","position":3,"name":"Notre coach auto-construction"}]},{"@type":"WebSite","@id":"https:\/\/easykit.stg.amphion.be\/fr\/#website","url":"https:\/\/easykit.stg.amphion.be\/fr\/","name":"EasyKit","description":"","potentialAction":[{"@type":"SearchAction","target":{"@type":"EntryPoint","urlTemplate":"https:\/\/easykit.stg.amphion.be\/fr\/?s={search_term_string}"},"query-input":"required name=search_term_string"}],"inLanguage":"fr-FR"}]}},"_links":{"self":[{"href":"https:\/\/easykit.stg.amphion.be\/fr\/wp-json\/wp\/v2\/pages\/7474"}],"collection":[{"href":"https:\/\/easykit.stg.amphion.be\/fr\/wp-json\/wp\/v2\/pages"}],"about":[{"href":"https:\/\/easykit.stg.amphion.be\/fr\/wp-json\/wp\/v2\/types\/page"}],"author":[{"embeddable":true,"href":"https:\/\/easykit.stg.amphion.be\/fr\/wp-json\/wp\/v2\/users\/1"}],"replies":[{"embeddable":true,"href":"https:\/\/easykit.stg.amphion.be\/fr\/wp-json\/wp\/v2\/comments?post=7474"}],"version-history":[{"count":5,"href":"https:\/\/easykit.stg.amphion.be\/fr\/wp-json\/wp\/v2\/pages\/7474\/revisions"}],"predecessor-version":[{"id":8069,"href":"https:\/\/easykit.stg.amphion.be\/fr\/wp-json\/wp\/v2\/pages\/7474\/revisions\/8069"}],"up":[{"embeddable":true,"href":"https:\/\/easykit.stg.amphion.be\/fr\/wp-json\/wp\/v2\/pages\/7468"}],"wp:attachment":[{"href":"https:\/\/easykit.stg.amphion.be\/fr\/wp-json\/wp\/v2\/media?parent=7474"}],"curies":[{"name":"wp","href":"https:\/\/api.w.org\/{rel}","templated":true}]}}